{"id":17,"date":"2022-08-25T08:58:43","date_gmt":"2022-08-25T11:58:43","guid":{"rendered":"http:\/\/hadiagnostico.com.br\/resultado\/?page_id=17"},"modified":"2024-02-23T09:54:05","modified_gmt":"2024-02-23T12:54:05","slug":"dashboard","status":"publish","type":"page","link":"https:\/\/hadiagnostico.com.br\/resultado\/","title":{"rendered":"Dashboard"},"content":{"rendered":"\t\t<div data-elementor-type=\"wp-page\" data-elementor-id=\"17\" class=\"elementor elementor-17\" data-elementor-post-type=\"page\">\n\t\t\t\t\t\t\t<div class=\"elementor-element elementor-element-97085d1 e-con-full jedv-enabled--yes e-flex e-con e-parent\" data-id=\"97085d1\" data-element_type=\"container\" data-settings=\"{&quot;content_width&quot;:&quot;full&quot;}\" data-core-v316-plus=\"true\">\n\t\t\t\t<div class=\"elementor-element elementor-element-dd602cd elementor-widget elementor-widget-template\" data-id=\"dd602cd\" data-element_type=\"widget\" data-widget_type=\"template.default\">\n\t\t\t\t<div class=\"elementor-widget-container\">\n\t\t\t\t\t<div class=\"elementor-template\">\n\t\t\t\t\t<section data-elementor-type=\"section\" data-elementor-id=\"149\" class=\"elementor elementor-149\" data-elementor-post-type=\"elementor_library\">\n\t\t\t\t\t\t<div class=\"elementor-element elementor-element-c69d11d jedv-enabled--yes e-flex e-con-boxed e-con e-parent\" data-id=\"c69d11d\" data-element_type=\"container\" data-settings=\"{&quot;background_background&quot;:&quot;classic&quot;,&quot;content_width&quot;:&quot;boxed&quot;}\" data-core-v316-plus=\"true\">\n\t\t\t\t\t<div class=\"e-con-inner\">\n\t\t<div class=\"elementor-element elementor-element-960042d e-con-full e-flex e-con e-child\" data-id=\"960042d\" data-element_type=\"container\" data-settings=\"{&quot;content_width&quot;:&quot;full&quot;,&quot;background_background&quot;:&quot;classic&quot;}\">\n\t\t\t\t<div class=\"elementor-element elementor-element-304b3d8 elementor-widget elementor-widget-heading\" data-id=\"304b3d8\" data-element_type=\"widget\" data-widget_type=\"heading.default\">\n\t\t\t\t<div class=\"elementor-widget-container\">\n\t\t\t<style>\/*! elementor - v3.16.0 - 12-09-2023 *\/\n.elementor-heading-title{padding:0;margin:0;line-height:1}.elementor-widget-heading .elementor-heading-title[class*=elementor-size-]>a{color:inherit;font-size:inherit;line-height:inherit}.elementor-widget-heading .elementor-heading-title.elementor-size-small{font-size:15px}.elementor-widget-heading .elementor-heading-title.elementor-size-medium{font-size:19px}.elementor-widget-heading .elementor-heading-title.elementor-size-large{font-size:29px}.elementor-widget-heading .elementor-heading-title.elementor-size-xl{font-size:39px}.elementor-widget-heading .elementor-heading-title.elementor-size-xxl{font-size:59px}<\/style><h2 class=\"elementor-heading-title elementor-size-default\">Entre na sua conta<\/h2>\t\t<\/div>\n\t\t\t\t<\/div>\n\t\t\t\t<div class=\"elementor-element elementor-element-92b16b8 elementor-widget elementor-widget-html\" data-id=\"92b16b8\" data-element_type=\"widget\" data-widget_type=\"html.default\">\n\t\t\t\t<div class=\"elementor-widget-container\">\n\t\t\t<div style=\"display: flex; align-items: center;\">\r\n  <label for=\"radio1\">Escolha o tipo da sua conta:&nbsp;&nbsp;<\/label>\r\n  <input type=\"radio\" id=\"radio1\" name=\"tipoConta\" value=\"Paciente\">\r\n  <label for=\"radio1\">&nbsp;Paciente&nbsp;&nbsp;&nbsp;<\/label>\r\n  <input type=\"radio\" id=\"radio2\" name=\"tipoConta\" value=\"Laborat\u00f3rio\">\r\n  <label for=\"radio2\">&nbsp;Laborat\u00f3rio<\/label>\r\n<\/div>\r\n\t\t<\/div>\n\t\t\t\t<\/div>\n\t\t\t\t<div class=\"elementor-element elementor-element-f64585f jedv-enabled--yes elementor-widget elementor-widget-jet-login\" data-id=\"f64585f\" data-element_type=\"widget\" data-widget_type=\"jet-login.default\">\n\t\t\t\t<div class=\"elementor-widget-container\">\n\t\t\t<div class=\"elementor-jet-login jet-blocks\"><div class=\"jet-login\"><form name=\"loginform\" id=\"loginform\"  method=\"post\"><p class=\"login-username\">\n\t\t\t\t<label for=\"user_login\">Usu\u00e1rio<\/label>\n\t\t\t\t<input type=\"text\" name=\"log\" id=\"user_login\" placeholder=\"Digite seu usu\u00e1rio\" autocomplete=\"username\" class=\"input\" value=\"\" size=\"20\" \/>\n\t\t\t<\/p><p class=\"login-password\">\n\t\t\t\t<label for=\"user_pass\">Senha<\/label>\n\t\t\t\t<input type=\"password\" name=\"pwd\" id=\"user_pass\" placeholder=\"Digite sua senha\" autocomplete=\"current-password\" spellcheck=\"false\" class=\"input\" value=\"\" size=\"20\" \/>\n\t\t\t<\/p><p class=\"login-remember\"><label><input name=\"rememberme\" type=\"checkbox\" id=\"rememberme\" value=\"forever\" \/> Lembrar-me<\/label><\/p><p class=\"login-submit\">\n\t\t\t\t<input type=\"submit\" name=\"wp-submit\" id=\"wp-submit\" class=\"button button-primary\" value=\"Entrar\" \/>\n\t\t\t\t<input type=\"hidden\" name=\"redirect_to\" value=\"http:\/\/hadiagnostico.com.br\/resultado\/\" \/>\n\t\t\t<\/p><input type=\"hidden\" name=\"jet_login\" value=\"1\"><\/form><\/div><\/div>\t\t<\/div>\n\t\t\t\t<\/div>\n\t\t\t\t<div class=\"elementor-element elementor-element-c2cae41 elementor-icon-list--layout-inline elementor-align-right jedv-enabled--yes elementor-list-item-link-full_width elementor-widget elementor-widget-icon-list\" data-id=\"c2cae41\" data-element_type=\"widget\" data-widget_type=\"icon-list.default\">\n\t\t\t\t<div class=\"elementor-widget-container\">\n\t\t\t<link rel=\"stylesheet\" href=\"https:\/\/hadiagnostico.com.br\/resultado\/wp-content\/plugins\/elementor\/assets\/css\/widget-icon-list.min.css\">\t\t<ul class=\"elementor-icon-list-items elementor-inline-items\">\n\t\t\t\t\t\t\t<li class=\"elementor-icon-list-item elementor-inline-item\">\n\t\t\t\t\t\t\t\t\t\t\t<a href=\"\/resultado\/reset-password\">\n\n\t\t\t\t\t\t\t\t\t\t\t\t<span class=\"elementor-icon-list-icon\">\n\t\t\t\t\t\t\t<i aria-hidden=\"true\" class=\"fas fa-key\"><\/i>\t\t\t\t\t\t<\/span>\n\t\t\t\t\t\t\t\t\t\t<span class=\"elementor-icon-list-text\">Perdeu sua senha?<\/span>\n\t\t\t\t\t\t\t\t\t\t\t<\/a>\n\t\t\t\t\t\t\t\t\t<\/li>\n\t\t\t\t\t\t<\/ul>\n\t\t\t\t<\/div>\n\t\t\t\t<\/div>\n\t\t\t\t<div class=\"elementor-element elementor-element-adbd793 elementor-widget elementor-widget-text-editor\" data-id=\"adbd793\" data-element_type=\"widget\" data-widget_type=\"text-editor.default\">\n\t\t\t\t<div class=\"elementor-widget-container\">\n\t\t\t<style>\/*! elementor - v3.16.0 - 12-09-2023 *\/\n.elementor-widget-text-editor.elementor-drop-cap-view-stacked .elementor-drop-cap{background-color:#69727d;color:#fff}.elementor-widget-text-editor.elementor-drop-cap-view-framed .elementor-drop-cap{color:#69727d;border:3px solid;background-color:transparent}.elementor-widget-text-editor:not(.elementor-drop-cap-view-default) .elementor-drop-cap{margin-top:8px}.elementor-widget-text-editor:not(.elementor-drop-cap-view-default) .elementor-drop-cap-letter{width:1em;height:1em}.elementor-widget-text-editor .elementor-drop-cap{float:left;text-align:center;line-height:1;font-size:50px}.elementor-widget-text-editor .elementor-drop-cap-letter{display:inline-block}<\/style>\t\t\t\t<p>Utilizamos cookies para melhorar sua experi\u00eancia em nossos servi\u00e7os. Ao realizar seu login, consideramos que voc\u00ea aceita esta utiliza\u00e7\u00e3o. Para mais informa\u00e7\u00f5es, acesse nossa <a href=\"https:\/\/hadiagnostico.com.br\/politica-de-protecao-de-dados-pessoais-e-privacidade\/\">Pol\u00edtica de Privacidade<\/a>.<\/p>\t\t\t\t\t\t<\/div>\n\t\t\t\t<\/div>\n\t\t\t\t<\/div>\n\t\t\t\t\t<\/div>\n\t\t\t\t<\/div>\n\t\t\t\t\t\t<\/section>\n\t\t\t\t<\/div>\n\t\t\t\t<\/div>\n\t\t\t\t<\/div>\n\t\t\t\t<\/div>\n\t\t\t\t\t\t\t<\/div>\n\t\t","protected":false},"excerpt":{"rendered":"<p>Tipo de Exame Todos os Tipos de Exame&#8230;ColesterolColorretalCurva Glic\u00eamicaPulmaoTesteTeste exame novo Pesquisa Tipo de Exame Data de Libera\u00e7\u00e3o Exames Nenhum exame dispon\u00edvel Tipo de Exame Todos os Tipos de Exame&#8230;ColesterolColorretalCurva Glic\u00eamicaPulmaoTesteTeste exame novo Paciente Tipo de Exame Paciente Data de Libera\u00e7\u00e3o Exames Nenhum exame dispon\u00edvel Adicionar tipos de exames Remover tipos de exames Pacientes Listagem [&hellip;]<\/p>\n","protected":false},"author":1,"featured_media":0,"parent":0,"menu_order":0,"comment_status":"closed","ping_status":"closed","template":"elementor_header_footer","meta":{"footnotes":""},"class_list":["post-17","page","type-page","status-publish","hentry"],"_links":{"self":[{"href":"https:\/\/hadiagnostico.com.br\/resultado\/wp-json\/wp\/v2\/pages\/17","targetHints":{"allow":["GET"]}}],"collection":[{"href":"https:\/\/hadiagnostico.com.br\/resultado\/wp-json\/wp\/v2\/pages"}],"about":[{"href":"https:\/\/hadiagnostico.com.br\/resultado\/wp-json\/wp\/v2\/types\/page"}],"author":[{"embeddable":true,"href":"https:\/\/hadiagnostico.com.br\/resultado\/wp-json\/wp\/v2\/users\/1"}],"replies":[{"embeddable":true,"href":"https:\/\/hadiagnostico.com.br\/resultado\/wp-json\/wp\/v2\/comments?post=17"}],"version-history":[{"count":577,"href":"https:\/\/hadiagnostico.com.br\/resultado\/wp-json\/wp\/v2\/pages\/17\/revisions"}],"predecessor-version":[{"id":2413,"href":"https:\/\/hadiagnostico.com.br\/resultado\/wp-json\/wp\/v2\/pages\/17\/revisions\/2413"}],"wp:attachment":[{"href":"https:\/\/hadiagnostico.com.br\/resultado\/wp-json\/wp\/v2\/media?parent=17"}],"curies":[{"name":"wp","href":"https:\/\/api.w.org\/{rel}","templated":true}]}}